{"id":952,"date":"2017-07-06T12:04:50","date_gmt":"2017-07-06T18:04:50","guid":{"rendered":"http:\/\/lamarqueteria.com.mx\/marqueteria\/?post_type=product&#038;p=952"},"modified":"2017-10-16T22:12:24","modified_gmt":"2017-10-17T04:12:24","slug":"litografia-composicion-de-lirio-1-30x30","status":"publish","type":"product","link":"https:\/\/lamarqueteria.com.mx\/marqueteria\/producto\/litografia-composicion-de-lirio-1-30x30\/","title":{"rendered":"Litograf\u00eda Composici\u00f3n de Lirio I 30&#215;30"},"content":{"rendered":"<p>Litograf\u00edas en Zapopan<\/p>\n","protected":false},"excerpt":{"rendered":"<p>Litograf\u00edas en Guadalajara<\/p>\n<p><span style=\"font-size: 14pt;\">Precio litograf\u00eda: $200.00<\/span><\/p>\n<p><span style=\"font-size: 14pt;\">\u00bfC\u00f3mo realizar la compra?<\/span><br \/>\n\u2022 Elija el producto de su preferencia haciendo el pago del <strong>Anticipo en L\u00ednea (agregar a carrito)<\/strong><br \/>\n\u2022 El tiempo de entrega ser\u00e1 de 3 d\u00edas h\u00e1biles despu\u00e9s de confirmado el pedido en la Sala de exhibici\u00f3n.<br \/>\n\u2022 Realice el pago del saldo al recoger su trabajo<br \/>\nEn caso de alguna duda, favor de ponerse en contacto y con gusto le atenderemos<\/p>\n<p><a href=\"https:\/\/lamarqueteria.com.mx\/marqueteria\/product\/litografia-c-composicion-de-lirio-1-30x30\/\"><span style=\"font-size: 14pt;\"><span style=\"font-size: 18pt;\">Click aqu\u00ed!!!! Para hacer el enmarcado de tu litograf\u00eda online!!<\/span><\/span><\/a><\/p>\n","protected":false},"featured_media":953,"comment_status":"closed","ping_status":"closed","template":"","meta":{"_monsterinsights_skip_tracking":false,"_monsterinsights_sitenote_active":false,"_monsterinsights_sitenote_note":"","_monsterinsights_sitenote_category":0},"product_brand":[],"product_cat":[34,35],"product_tag":[],"class_list":{"0":"post-952","1":"product","2":"type-product","3":"status-publish","4":"has-post-thumbnail","6":"product_cat-litografias","7":"product_cat-litografias-y-posters","8":"has-featured-image","10":"first","11":"instock","12":"shipping-taxable","13":"product-type-simple"},"_links":{"self":[{"href":"https:\/\/lamarqueteria.com.mx\/marqueteria\/wp-json\/wp\/v2\/product\/952","targetHints":{"allow":["GET"]}}],"collection":[{"href":"https:\/\/lamarqueteria.com.mx\/marqueteria\/wp-json\/wp\/v2\/product"}],"about":[{"href":"https:\/\/lamarqueteria.com.mx\/marqueteria\/wp-json\/wp\/v2\/types\/product"}],"replies":[{"embeddable":true,"href":"https:\/\/lamarqueteria.com.mx\/marqueteria\/wp-json\/wp\/v2\/comments?post=952"}],"wp:featuredmedia":[{"embeddable":true,"href":"https:\/\/lamarqueteria.com.mx\/marqueteria\/wp-json\/wp\/v2\/media\/953"}],"wp:attachment":[{"href":"https:\/\/lamarqueteria.com.mx\/marqueteria\/wp-json\/wp\/v2\/media?parent=952"}],"wp:term":[{"taxonomy":"product_brand","embeddable":true,"href":"https:\/\/lamarqueteria.com.mx\/marqueteria\/wp-json\/wp\/v2\/product_brand?post=952"},{"taxonomy":"product_cat","embeddable":true,"href":"https:\/\/lamarqueteria.com.mx\/marqueteria\/wp-json\/wp\/v2\/product_cat?post=952"},{"taxonomy":"product_tag","embeddable":true,"href":"https:\/\/lamarqueteria.com.mx\/marqueteria\/wp-json\/wp\/v2\/product_tag?post=952"}],"curies":[{"name":"wp","href":"https:\/\/api.w.org\/{rel}","templated":true}]}}