{"id":927,"date":"2017-07-05T16:55:23","date_gmt":"2017-07-05T22:55:23","guid":{"rendered":"http:\/\/lamarqueteria.com.mx\/marqueteria\/?post_type=product&#038;p=927"},"modified":"2017-10-16T22:13:42","modified_gmt":"2017-10-17T04:13:42","slug":"litografia-bodegon-con-orquidea-rosa-24x30","status":"publish","type":"product","link":"https:\/\/lamarqueteria.com.mx\/marqueteria\/producto\/litografia-bodegon-con-orquidea-rosa-24x30\/","title":{"rendered":"Litograf\u00eda Bodeg\u00f3n con Orqu\u00eddea Rosa 24&#215;30"},"content":{"rendered":"<p>Litograf\u00eda en Zapopan<\/p>\n","protected":false},"excerpt":{"rendered":"<p>Litograf\u00eda en Guadalajara, env\u00edo a domicilio disponible.<\/p>\n<p><span style=\"font-size: 14pt;\">Precio litograf\u00eda: $180.00<\/span><\/p>\n<p><span style=\"font-size: 14pt;\">\u00bfC\u00f3mo realizar la compra?<\/span><br \/>\n\u2022 Elija el producto de su preferencia haciendo el pago del <strong>Anticipo en L\u00ednea (agregar a carrito)<\/strong><br \/>\n\u2022 El tiempo de entrega ser\u00e1 de 3 d\u00edas h\u00e1biles despu\u00e9s de confirmado el pedido en la Sala de exhibici\u00f3n.<br \/>\n\u2022 Realice el pago del saldo al recoger su trabajo<br \/>\nEn caso de alguna duda, favor de ponerse en contacto y con gusto le atenderemos<\/p>\n<p><span style=\"font-size: 18pt;\"><a href=\"https:\/\/lamarqueteria.com.mx\/marqueteria\/producto\/litografia-c-bodegon-con-orquidea-rosa-24x30\/\">Click aqu\u00ed!!!! Para hacer el enmarcado de tu litograf\u00eda online!!<\/a><\/span><\/p>\n","protected":false},"featured_media":992,"comment_status":"open","ping_status":"closed","template":"","meta":{"_monsterinsights_skip_tracking":false,"_monsterinsights_sitenote_active":false,"_monsterinsights_sitenote_note":"","_monsterinsights_sitenote_category":0},"product_brand":[],"product_cat":[34,35],"product_tag":[],"class_list":{"0":"post-927","1":"product","2":"type-product","3":"status-publish","4":"has-post-thumbnail","6":"product_cat-litografias","7":"product_cat-litografias-y-posters","8":"has-featured-image","10":"first","11":"instock","12":"shipping-taxable","13":"product-type-simple"},"_links":{"self":[{"href":"https:\/\/lamarqueteria.com.mx\/marqueteria\/wp-json\/wp\/v2\/product\/927","targetHints":{"allow":["GET"]}}],"collection":[{"href":"https:\/\/lamarqueteria.com.mx\/marqueteria\/wp-json\/wp\/v2\/product"}],"about":[{"href":"https:\/\/lamarqueteria.com.mx\/marqueteria\/wp-json\/wp\/v2\/types\/product"}],"replies":[{"embeddable":true,"href":"https:\/\/lamarqueteria.com.mx\/marqueteria\/wp-json\/wp\/v2\/comments?post=927"}],"wp:featuredmedia":[{"embeddable":true,"href":"https:\/\/lamarqueteria.com.mx\/marqueteria\/wp-json\/wp\/v2\/media\/992"}],"wp:attachment":[{"href":"https:\/\/lamarqueteria.com.mx\/marqueteria\/wp-json\/wp\/v2\/media?parent=927"}],"wp:term":[{"taxonomy":"product_brand","embeddable":true,"href":"https:\/\/lamarqueteria.com.mx\/marqueteria\/wp-json\/wp\/v2\/product_brand?post=927"},{"taxonomy":"product_cat","embeddable":true,"href":"https:\/\/lamarqueteria.com.mx\/marqueteria\/wp-json\/wp\/v2\/product_cat?post=927"},{"taxonomy":"product_tag","embeddable":true,"href":"https:\/\/lamarqueteria.com.mx\/marqueteria\/wp-json\/wp\/v2\/product_tag?post=927"}],"curies":[{"name":"wp","href":"https:\/\/api.w.org\/{rel}","templated":true}]}}