{"id":1157,"date":"2017-11-09T19:02:27","date_gmt":"2017-11-10T01:02:27","guid":{"rendered":"http:\/\/lamarqueteria.com.mx\/marqueteria\/?post_type=product&#038;p=1157"},"modified":"2019-01-23T10:52:15","modified_gmt":"2019-01-23T16:52:15","slug":"paquete-enmarcado-graduacion-premium","status":"publish","type":"product","link":"https:\/\/lamarqueteria.com.mx\/marqueteria\/producto\/paquete-enmarcado-graduacion-premium\/","title":{"rendered":"Enmarcado Graduados Premium"},"content":{"rendered":"","protected":false},"excerpt":{"rendered":"<p><span style=\"font-size: 14pt;\">Tenemos opciones Premium para conmemorar un logro tan especial!<\/span><\/p>\n<p><span style=\"font-size: 14pt;\">Podemos poner el logo de tu universidad, la leyenda con el nombre de tu universidad o multiples posibilidades.<\/span><\/p>\n<p><span style=\"font-size: 18pt;\">Contact\u00e1nos para m\u00e1s informaci\u00f3n.<\/span><\/p>\n<p>&nbsp;<\/p>\n<p>&nbsp;<\/p>\n","protected":false},"featured_media":1308,"comment_status":"open","ping_status":"closed","template":"","meta":{"_monsterinsights_skip_tracking":false,"_monsterinsights_sitenote_active":false,"_monsterinsights_sitenote_note":"","_monsterinsights_sitenote_category":0},"product_brand":[],"product_cat":[32],"product_tag":[],"class_list":{"0":"post-1157","1":"product","2":"type-product","3":"status-publish","4":"has-post-thumbnail","6":"product_cat-ideas-enmarcado","7":"has-featured-image","9":"first","10":"instock","11":"shipping-taxable","12":"product-type-simple"},"_links":{"self":[{"href":"https:\/\/lamarqueteria.com.mx\/marqueteria\/wp-json\/wp\/v2\/product\/1157","targetHints":{"allow":["GET"]}}],"collection":[{"href":"https:\/\/lamarqueteria.com.mx\/marqueteria\/wp-json\/wp\/v2\/product"}],"about":[{"href":"https:\/\/lamarqueteria.com.mx\/marqueteria\/wp-json\/wp\/v2\/types\/product"}],"replies":[{"embeddable":true,"href":"https:\/\/lamarqueteria.com.mx\/marqueteria\/wp-json\/wp\/v2\/comments?post=1157"}],"wp:featuredmedia":[{"embeddable":true,"href":"https:\/\/lamarqueteria.com.mx\/marqueteria\/wp-json\/wp\/v2\/media\/1308"}],"wp:attachment":[{"href":"https:\/\/lamarqueteria.com.mx\/marqueteria\/wp-json\/wp\/v2\/media?parent=1157"}],"wp:term":[{"taxonomy":"product_brand","embeddable":true,"href":"https:\/\/lamarqueteria.com.mx\/marqueteria\/wp-json\/wp\/v2\/product_brand?post=1157"},{"taxonomy":"product_cat","embeddable":true,"href":"https:\/\/lamarqueteria.com.mx\/marqueteria\/wp-json\/wp\/v2\/product_cat?post=1157"},{"taxonomy":"product_tag","embeddable":true,"href":"https:\/\/lamarqueteria.com.mx\/marqueteria\/wp-json\/wp\/v2\/product_tag?post=1157"}],"curies":[{"name":"wp","href":"https:\/\/api.w.org\/{rel}","templated":true}]}}