{"id":7,"date":"2017-05-30T22:02:20","date_gmt":"2017-05-30T22:02:20","guid":{"rendered":"http:\/\/reconocimientoslaser.com\/marqueteria\/contact-us\/"},"modified":"2025-11-18T15:48:52","modified_gmt":"2025-11-18T21:48:52","slug":"contacto","status":"publish","type":"page","link":"https:\/\/lamarqueteria.com.mx\/marqueteria\/contacto\/","title":{"rendered":"Contacto"},"content":{"rendered":"<p><span style=\"font-size: 18pt;\">\u00a1Lamentablemente no enviamos cotizaciones por este medio, si desde una cotizaci\u00f3n favor de acudir a nuestra sala de exhibici\u00f3n!<\/span><\/p>\n<h3>Horario de atenci\u00f3n telef\u00f3nica y de sala de exhibici\u00f3n:<\/h3>\n<p><span style=\"font-size: 14pt;\">Lunes a Viernes: 9:00 a 17:00<\/span><\/p>\n<h3>Ubicaci\u00f3n<\/h3>\n<p><span style=\"font-size: 18pt;\">Nos encontramos en la misma sala de exhibici\u00f3n que <a target=\"_blank\" href=\"http:\/\/www.laserworld.com.mx\/web\" rel=\"noopener\">Laser World Excelencia en Reconocimientos!<\/a><\/span><\/p>\n<p><span style=\"font-size: 18pt;\">Av. Mariano Otero 4671<\/span><\/p>\n<p><span style=\"font-size: 18pt;\">Col. La Calma, Zapopan, Jalisco<\/span><\/p>\n<p><iframe loading=\"lazy\" style=\"border: 0;\" src=\"https:\/\/www.google.com\/maps\/embed?pb=!1m18!1m12!1m3!1d3733.7258117479323!2d-103.41851768507549!3d20.64003000631077!2m3!1f0!2f0!3f0!3m2!1i1024!2i768!4f13.1!3m3!1m2!1s0x8428ac36da2f566d%3A0x79c6d4d6e6cf2ab7!2sLaser+World+Excelencia+en+Reconocimientos%2C+S.A.+de+C.V.!5e0!3m2!1ses!2smx!4v1496875231352\" width=\"800\" height=\"600\" frameborder=\"0\" allowfullscreen=\"allowfullscreen\"><\/iframe><\/p>\n<p><img loading=\"lazy\" decoding=\"async\" class=\"alignnone wp-image-98\" src=\"http:\/\/reconocimientoslaser.com\/marqueteria\/wp-content\/uploads\/2017\/05\/mapas-300x170.jpg\" alt=\"\" width=\"500\" height=\"400\" \/><\/p>\n<p>[wpforms id=&#8221;150&#8243;]<\/p>\n<h3>Tel\u00e9fono:<\/h3>\n<p><span style=\"font-size: 14pt;\">33 36164160<\/span><\/p>\n","protected":false},"excerpt":{"rendered":"<p>\u00a1Lamentablemente no enviamos cotizaciones por este medio, si desde una cotizaci\u00f3n favor de acudir a nuestra sala de exhibici\u00f3n! Horario de atenci\u00f3n telef\u00f3nica y de sala de exhibici\u00f3n: Lunes a Viernes: 9:00 a 17:00 Ubicaci\u00f3n Nos encontramos en la misma sala de exhibici\u00f3n que Laser World Excelencia en Reconocimientos! Av. Mariano Otero 4671 Col. La [&hellip;]<\/p>\n","protected":false},"author":7,"featured_media":0,"parent":0,"menu_order":0,"comment_status":"closed","ping_status":"closed","template":"","meta":{"_monsterinsights_skip_tracking":false,"_monsterinsights_sitenote_active":false,"_monsterinsights_sitenote_note":"","_monsterinsights_sitenote_category":0,"footnotes":""},"class_list":["post-7","page","type-page","status-publish","hentry"],"_links":{"self":[{"href":"https:\/\/lamarqueteria.com.mx\/marqueteria\/wp-json\/wp\/v2\/pages\/7","targetHints":{"allow":["GET"]}}],"collection":[{"href":"https:\/\/lamarqueteria.com.mx\/marqueteria\/wp-json\/wp\/v2\/pages"}],"about":[{"href":"https:\/\/lamarqueteria.com.mx\/marqueteria\/wp-json\/wp\/v2\/types\/page"}],"author":[{"embeddable":true,"href":"https:\/\/lamarqueteria.com.mx\/marqueteria\/wp-json\/wp\/v2\/users\/7"}],"replies":[{"embeddable":true,"href":"https:\/\/lamarqueteria.com.mx\/marqueteria\/wp-json\/wp\/v2\/comments?post=7"}],"version-history":[{"count":30,"href":"https:\/\/lamarqueteria.com.mx\/marqueteria\/wp-json\/wp\/v2\/pages\/7\/revisions"}],"predecessor-version":[{"id":1769,"href":"https:\/\/lamarqueteria.com.mx\/marqueteria\/wp-json\/wp\/v2\/pages\/7\/revisions\/1769"}],"wp:attachment":[{"href":"https:\/\/lamarqueteria.com.mx\/marqueteria\/wp-json\/wp\/v2\/media?parent=7"}],"curies":[{"name":"wp","href":"https:\/\/api.w.org\/{rel}","templated":true}]}}