{"id":18,"date":"2017-05-30T23:58:18","date_gmt":"2017-05-31T05:58:18","guid":{"rendered":"http:\/\/reconocimientoslaser.com\/marqueteria\/?page_id=18"},"modified":"2018-03-13T22:32:17","modified_gmt":"2018-03-14T04:32:17","slug":"enmarcado-a-la-medida","status":"publish","type":"page","link":"https:\/\/lamarqueteria.com.mx\/marqueteria\/enmarcado-a-la-medida\/","title":{"rendered":"Enmarcado a la medida, Cuadros a la medida"},"content":{"rendered":"<p><span style=\"font-size: 18pt;\"><span style=\"font-size: 14pt;\">\u00a0 \u00a0 \u00a0 \u00a0 \u00a0 \u00a0 \u00a0 \u00a0 \u00a0 \u00a0 \u00a1<span style=\"font-size: 18pt;\">Hacemos todo tipo de enmarcado!<\/span><\/span><\/span><\/p>\n<p><img loading=\"lazy\" decoding=\"async\" class=\"alignnone size-large wp-image-1212\" src=\"https:\/\/lamarqueteria.com.mx\/marqueteria\/wp-content\/uploads\/2018\/01\/ENMARCADOS-PERSONALIZADOS-1-1024x802.jpg\" alt=\"\" width=\"1024\" height=\"802\" srcset=\"https:\/\/lamarqueteria.com.mx\/marqueteria\/wp-content\/uploads\/2018\/01\/ENMARCADOS-PERSONALIZADOS-1-1024x802.jpg 1024w, https:\/\/lamarqueteria.com.mx\/marqueteria\/wp-content\/uploads\/2018\/01\/ENMARCADOS-PERSONALIZADOS-1-300x235.jpg 300w, https:\/\/lamarqueteria.com.mx\/marqueteria\/wp-content\/uploads\/2018\/01\/ENMARCADOS-PERSONALIZADOS-1-768x601.jpg 768w, https:\/\/lamarqueteria.com.mx\/marqueteria\/wp-content\/uploads\/2018\/01\/ENMARCADOS-PERSONALIZADOS-1-600x470.jpg 600w\" sizes=\"auto, (max-width: 1024px) 100vw, 1024px\" \/><\/p>\n<p><span style=\"font-size: 14pt;\">Le invitamos a pasar a Nuestra Sala de Exhibici\u00f3n para cotizar las opciones de enmarcado que se ajusten a sus necesidades, tenemos servicio de enmarcado a la medida.<br \/>\n<\/span><\/p>\n<p><span style=\"font-size: 18pt;\"><span style=\"font-size: 14pt;\">Puede enviar un correo a hectorgutgal@laserworld.com.mx o comunicarse al (33) 36164160 de Lunes a Viernes de 9:00 a 18:30 o S\u00e1bado de 9:00 a 14:00 para m\u00e1s informaci\u00f3n<\/span><br \/>\n<\/span><\/p>\n","protected":false},"excerpt":{"rendered":"<p>\u00a0 \u00a0 \u00a0 \u00a0 \u00a0 \u00a0 \u00a0 \u00a0 \u00a0 \u00a0 \u00a1Hacemos todo tipo de enmarcado! Le invitamos a pasar a Nuestra Sala de Exhibici\u00f3n para cotizar las opciones de enmarcado que se ajusten a sus necesidades, tenemos servicio de enmarcado a la medida. Puede enviar un correo a hectorgutgal@laserworld.com.mx o comunicarse al (33) 36164160 de [&hellip;]<\/p>\n","protected":false},"author":7,"featured_media":0,"parent":0,"menu_order":0,"comment_status":"closed","ping_status":"closed","template":"","meta":{"_monsterinsights_skip_tracking":false,"_monsterinsights_sitenote_active":false,"_monsterinsights_sitenote_note":"","_monsterinsights_sitenote_category":0,"footnotes":""},"class_list":["post-18","page","type-page","status-publish","hentry"],"_links":{"self":[{"href":"https:\/\/lamarqueteria.com.mx\/marqueteria\/wp-json\/wp\/v2\/pages\/18","targetHints":{"allow":["GET"]}}],"collection":[{"href":"https:\/\/lamarqueteria.com.mx\/marqueteria\/wp-json\/wp\/v2\/pages"}],"about":[{"href":"https:\/\/lamarqueteria.com.mx\/marqueteria\/wp-json\/wp\/v2\/types\/page"}],"author":[{"embeddable":true,"href":"https:\/\/lamarqueteria.com.mx\/marqueteria\/wp-json\/wp\/v2\/users\/7"}],"replies":[{"embeddable":true,"href":"https:\/\/lamarqueteria.com.mx\/marqueteria\/wp-json\/wp\/v2\/comments?post=18"}],"version-history":[{"count":21,"href":"https:\/\/lamarqueteria.com.mx\/marqueteria\/wp-json\/wp\/v2\/pages\/18\/revisions"}],"predecessor-version":[{"id":1214,"href":"https:\/\/lamarqueteria.com.mx\/marqueteria\/wp-json\/wp\/v2\/pages\/18\/revisions\/1214"}],"wp:attachment":[{"href":"https:\/\/lamarqueteria.com.mx\/marqueteria\/wp-json\/wp\/v2\/media?parent=18"}],"curies":[{"name":"wp","href":"https:\/\/api.w.org\/{rel}","templated":true}]}}